{"id":4388,"date":"2024-01-11T13:12:41","date_gmt":"2024-01-11T12:12:41","guid":{"rendered":"https:\/\/glofera.com\/avis-legal\/"},"modified":"2026-04-09T11:04:04","modified_gmt":"2026-04-09T09:04:04","slug":"avis-legal","status":"publish","type":"page","link":"https:\/\/glofera.com\/ca\/avis-legal\/","title":{"rendered":"Av\u00eds Legal"},"content":{"rendered":"<div class=\"fusion-fullwidth fullwidth-box fusion-builder-row-1 fusion-flex-container has-pattern-background has-mask-background nonhundred-percent-fullwidth non-hundred-percent-height-scrolling\" style=\"--awb-border-radius-top-left:0px;--awb-border-radius-top-right:0px;--awb-border-radius-bottom-right:0px;--awb-border-radius-bottom-left:0px;--awb-margin-top:100px;--awb-flex-wrap:wrap;\" ><div class=\"fusion-builder-row fusion-row fusion-flex-align-items-flex-start fusion-flex-content-wrap\" style=\"max-width:1248px;margin-left: calc(-4% \/ 2 );margin-right: calc(-4% \/ 2 );\"><div class=\"fusion-layout-column fusion_builder_column fusion-builder-column-0 fusion_builder_column_3_4 3_4 fusion-flex-column\" style=\"--awb-bg-size:cover;--awb-width-large:75%;--awb-margin-top-large:0px;--awb-spacing-right-large:2.56%;--awb-margin-bottom-large:20px;--awb-spacing-left-large:2.56%;--awb-width-medium:75%;--awb-order-medium:0;--awb-spacing-right-medium:2.56%;--awb-spacing-left-medium:2.56%;--awb-width-small:100%;--awb-order-small:0;--awb-spacing-right-small:1.92%;--awb-spacing-left-small:1.92%;\"><div class=\"fusion-column-wrapper fusion-column-has-shadow fusion-flex-justify-content-flex-start fusion-content-layout-column\"><div class=\"fusion-text fusion-text-1\"><h1>Av\u00eds legal<\/h1>\n<p>GLOFERA TELECOM S.L. unipersonal, sociedad de nacionalidad espa\u00f1ola, inscrita en el Registro Mercantil de Barcelona, al Tomo 47.681, Folio 221, Hoja B-559.218, titular del NIF B-42924795, con domicilio social en Barcelona (08028), Avenida Diagonal, n\u00famero 601, piso 8, es la titular del sitio web www.glofera.com (el \u201cSitio Web\u201d), cuya utilizaci\u00f3n est\u00e1 sujeta a los t\u00e9rminos del presente Aviso Legal, sus <span style=\"color: #339966;\"><a style=\"color: #339966;\" href=\"https:\/\/glofera.com\/ca\/condicions-dus\/\">Condiciones de Uso<\/a><\/span> y dem\u00e1s textos legales accesibles a trav\u00e9s del Sitio Web.<\/p>\n<p>El Lloc Web inclou \u201cglofera.com\u201d i tots els llocs online de GLOFERA, tals com, segons el cas, bloc, web, materials de suport, panells de control, p\u00e0gines de producte, botiga en l\u00ednia, manuals, microllocs, etc., tant sota www.glofera.com com sota altres dominis operats i\/o controlats per GLOFERA (conjuntament, \u201cLa nostra Web\u201d). La visita y navegaci\u00f3n por Nuestra Web le atribuye la condici\u00f3n de usuario (\u201cUsuario\u201d), e implica la aceptaci\u00f3n de los t\u00e9rminos de este Aviso Legal, de las Condiciones de Uso y de nuestra <span style=\"color: #339966;\"><a style=\"color: #339966;\" href=\"https:\/\/glofera.com\/ca\/politica-de-privadesa\/\">Pol\u00edtica de Privacidad<\/a>.<\/span> Si no estuviera de acuerdo con alguna de estas condiciones le rogamos que por favor no siga utilizando Nuestra Web.<\/p>\n<p>L&#8217;Usuari \u00e9s conscient que l&#8217;acc\u00e9s i la utilitzaci\u00f3 dels serveis i continguts del Lloc Web es realitza sota la seva \u00fanica i exclusiva responsabilitat. GLOFERA recomana a l&#8217;Usuari llegir l&#8217;Av\u00eds Legal i les Condicions d&#8217;\u00das cada vegada que vulgui accedir al Lloc Web, ja que pot patir modificacions, sent la versi\u00f3 vigent aquella publicada en cada moment. GLOFERA podr\u00e0 modificar de forma unilateral i sense av\u00eds previ la configuraci\u00f3, el contingut i els serveis del Lloc Web, aix\u00ed com el present Av\u00eds Legal i les Condicions d&#8217;\u00das, sense que se&#8217;n derivi cap dret per a l&#8217;Usuari m\u00e9s enll\u00e0 dels que expressament se&#8217;l reconeguin en els textos legals del Lloc Web.<\/p>\n<p>Sense perjudici dels costos d&#8217;acc\u00e9s i de connexi\u00f3 a Internet, que en tot cas s\u00f3n aliens al control i la responsabilitat de GLOFERA, l&#8217;acc\u00e9s i l&#8217;\u00fas de la nostra web t\u00e9 car\u00e0cter gratu\u00eft. No obstant aix\u00f2, la contractaci\u00f3 de productes o serveis de GLOFERA o de tercers a trav\u00e9s del Lloc Web podr\u00e0 estar sotmesa a determinats costos a assumir per l&#8217;Usuari, de la qual cosa s&#8217;informar\u00e0 de manera clara i per a l&#8217;aplicaci\u00f3 dels quals es requerir\u00e0 la seva acceptaci\u00f3 expressa en relaci\u00f3 amb les corresponents Condicions Generals de Contractaci\u00f3, Condicions Particulars i, si escau, altres termes contractuals.<\/p>\n<p>El prop\u00f2sit principal del Lloc Web \u00e9s posar en coneixement de l&#8217;Usuari el cat\u00e0leg de productes i serveis oferts per GLOFERA.<\/p>\n<\/div><\/div><\/div><div class=\"fusion-layout-column fusion_builder_column fusion-builder-column-1 fusion_builder_column_1_4 1_4 fusion-flex-column\" style=\"--awb-bg-size:cover;--awb-width-large:25%;--awb-margin-top-large:0px;--awb-spacing-right-large:7.68%;--awb-margin-bottom-large:20px;--awb-spacing-left-large:7.68%;--awb-width-medium:25%;--awb-order-medium:0;--awb-spacing-right-medium:7.68%;--awb-spacing-left-medium:7.68%;--awb-width-small:100%;--awb-order-small:0;--awb-spacing-right-small:1.92%;--awb-spacing-left-small:1.92%;\"><div class=\"fusion-column-wrapper fusion-column-has-shadow fusion-flex-justify-content-flex-start fusion-content-layout-column\"><div class=\"fusion-widget-area awb-widget-area-element fusion-widget-area-1 fusion-content-widget-area\" style=\"--awb-title-color:var(--awb-color8);--awb-padding:0px 0px 0px 0px;\"><style type=\"text\/css\" data-id=\"nav_menu-2\">#nav_menu-2 li { border-color:var(--awb-color4);}<\/style><div id=\"nav_menu-2\" class=\"widget widget_nav_menu\" style=\"padding: 10px;background-color: var(--awb-color2);border-style: solid;border-color: var(--awb-color4);border-color:transparent;border-width:0px;\"><div class=\"heading\"><h4 class=\"widget-title\">Documentaci\u00f3n Legal<\/h4><\/div><div class=\"menu-documentacion-legal-ca-container\"><ul id=\"menu-documentacion-legal-ca\" class=\"menu\"><li id=\"menu-item-5686\" class=\"menu-item menu-item-type-post_type menu-item-object-page menu-item-5686\"><a href=\"https:\/\/glofera.com\/ca\/avis-legal\/\">Av\u00eds Legal<\/a><\/li>\n<li id=\"menu-item-5687\" class=\"menu-item menu-item-type-post_type menu-item-object-page menu-item-5687\"><a href=\"https:\/\/glofera.com\/ca\/condicions-dus\/\">Condicions d&#8217;\u00fas<\/a><\/li>\n<li id=\"menu-item-5688\" class=\"menu-item menu-item-type-post_type menu-item-object-page menu-item-5688\"><a href=\"https:\/\/glofera.com\/ca\/politica-de-cookies\/\">Pol\u00edtica de les cookies<\/a><\/li>\n<li id=\"menu-item-5689\" class=\"menu-item menu-item-type-post_type menu-item-object-page menu-item-5689\"><a href=\"https:\/\/glofera.com\/ca\/politica-de-privadesa\/\">Pol\u00edtica de privadesa<\/a><\/li>\n<\/ul><\/div><\/div><div class=\"fusion-additional-widget-content\"><\/div><\/div><\/div><\/div><\/div><\/div>\n","protected":false},"excerpt":{"rendered":"","protected":false},"author":1,"featured_media":0,"parent":0,"menu_order":0,"comment_status":"closed","ping_status":"closed","template":"100-width.php","meta":{"_joinchat":[],"footnotes":""},"class_list":["post-4388","page","type-page","status-publish","hentry"],"yoast_head":"<!-- This site is optimized with the Yoast SEO plugin v27.5 - https:\/\/yoast.com\/product\/yoast-seo-wordpress\/ -->\n<title>Av\u00eds legal i condicions d\u2019\u00fas del web | Glofera<\/title>\n<meta name=\"description\" content=\"Consulta l\u2019av\u00eds legal de Glofera amb la informaci\u00f3 jur\u00eddica, responsabilitats i condicions d\u2019\u00fas del lloc web.\" \/>\n<meta name=\"robots\" content=\"index, follow, max-snippet:-1, max-image-preview:large, max-video-preview:-1\" \/>\n<link rel=\"canonical\" href=\"https:\/\/glofera.com\/ca\/avis-legal\/\" \/>\n<meta property=\"og:locale\" content=\"ca_ES\" \/>\n<meta property=\"og:type\" content=\"article\" \/>\n<meta property=\"og:title\" content=\"Av\u00eds legal i condicions d\u2019\u00fas del web | Glofera\" \/>\n<meta property=\"og:description\" content=\"Consulta l\u2019av\u00eds legal de Glofera amb la informaci\u00f3 jur\u00eddica, responsabilitats i condicions d\u2019\u00fas del lloc web.\" \/>\n<meta property=\"og:url\" content=\"https:\/\/glofera.com\/ca\/avis-legal\/\" \/>\n<meta property=\"og:site_name\" content=\"Glofera\" \/>\n<meta property=\"article:publisher\" content=\"https:\/\/www.facebook.com\/glofera.telecom\" \/>\n<meta property=\"article:modified_time\" content=\"2026-04-09T09:04:04+00:00\" \/>\n<meta property=\"og:image\" content=\"https:\/\/glofera.com\/wp-content\/uploads\/2024\/11\/glofera-telecom-especialistas-en-telecomunicaciones-y-ciberseguridad-para-empresas.jpg\" \/>\n\t<meta property=\"og:image:width\" content=\"1062\" \/>\n\t<meta property=\"og:image:height\" content=\"665\" \/>\n\t<meta property=\"og:image:type\" content=\"image\/jpeg\" \/>\n<meta name=\"twitter:card\" content=\"summary_large_image\" \/>\n<script type=\"application\/ld+json\" class=\"yoast-schema-graph\">{\"@context\":\"https:\\\/\\\/schema.org\",\"@graph\":[{\"@type\":\"WebPage\",\"@id\":\"https:\\\/\\\/glofera.com\\\/ca\\\/avis-legal\\\/\",\"url\":\"https:\\\/\\\/glofera.com\\\/ca\\\/avis-legal\\\/\",\"name\":\"Av\u00eds legal i condicions d\u2019\u00fas del web | Glofera\",\"isPartOf\":{\"@id\":\"https:\\\/\\\/glofera.com\\\/ca\\\/#website\"},\"datePublished\":\"2024-01-11T12:12:41+00:00\",\"dateModified\":\"2026-04-09T09:04:04+00:00\",\"description\":\"Consulta l\u2019av\u00eds legal de Glofera amb la informaci\u00f3 jur\u00eddica, responsabilitats i condicions d\u2019\u00fas del lloc web.\",\"breadcrumb\":{\"@id\":\"https:\\\/\\\/glofera.com\\\/ca\\\/avis-legal\\\/#breadcrumb\"},\"inLanguage\":\"ca\",\"potentialAction\":[{\"@type\":\"ReadAction\",\"target\":[\"https:\\\/\\\/glofera.com\\\/ca\\\/avis-legal\\\/\"]}]},{\"@type\":\"BreadcrumbList\",\"@id\":\"https:\\\/\\\/glofera.com\\\/ca\\\/avis-legal\\\/#breadcrumb\",\"itemListElement\":[{\"@type\":\"ListItem\",\"position\":1,\"name\":\"Portada\",\"item\":\"https:\\\/\\\/glofera.com\\\/ca\\\/\"},{\"@type\":\"ListItem\",\"position\":2,\"name\":\"Av\u00eds Legal\"}]},{\"@type\":\"WebSite\",\"@id\":\"https:\\\/\\\/glofera.com\\\/ca\\\/#website\",\"url\":\"https:\\\/\\\/glofera.com\\\/ca\\\/\",\"name\":\"Glofera\",\"description\":\"Ciberseguretat i Telecomunicacions\",\"publisher\":{\"@id\":\"https:\\\/\\\/glofera.com\\\/ca\\\/#organization\"},\"alternateName\":\"Telecomunicaciones y Ciberseguridad\",\"potentialAction\":[{\"@type\":\"SearchAction\",\"target\":{\"@type\":\"EntryPoint\",\"urlTemplate\":\"https:\\\/\\\/glofera.com\\\/ca\\\/?s={search_term_string}\"},\"query-input\":{\"@type\":\"PropertyValueSpecification\",\"valueRequired\":true,\"valueName\":\"search_term_string\"}}],\"inLanguage\":\"ca\"},{\"@type\":\"Organization\",\"@id\":\"https:\\\/\\\/glofera.com\\\/ca\\\/#organization\",\"name\":\"Glofera\",\"alternateName\":\"Telecomunicaciones y Ciberseguridad\",\"url\":\"https:\\\/\\\/glofera.com\\\/ca\\\/\",\"logo\":{\"@type\":\"ImageObject\",\"inLanguage\":\"ca\",\"@id\":\"https:\\\/\\\/glofera.com\\\/ca\\\/#\\\/schema\\\/logo\\\/image\\\/\",\"url\":\"https:\\\/\\\/glofera.com\\\/wp-content\\\/uploads\\\/2024\\\/04\\\/firma_logo_glofera_2.png\",\"contentUrl\":\"https:\\\/\\\/glofera.com\\\/wp-content\\\/uploads\\\/2024\\\/04\\\/firma_logo_glofera_2.png\",\"width\":501,\"height\":501,\"caption\":\"Glofera\"},\"image\":{\"@id\":\"https:\\\/\\\/glofera.com\\\/ca\\\/#\\\/schema\\\/logo\\\/image\\\/\"},\"sameAs\":[\"https:\\\/\\\/www.facebook.com\\\/glofera.telecom\",\"https:\\\/\\\/www.linkedin.com\\\/company\\\/76501365\\\/admin\\\/notifications\\\/all\\\/\",\"https:\\\/\\\/www.instagram.com\\\/glofera.telecom\\\/\"]}]}<\/script>\n<!-- \/ Yoast SEO plugin. -->","yoast_head_json":{"title":"Av\u00eds legal i condicions d\u2019\u00fas del web | Glofera","description":"Consulta l\u2019av\u00eds legal de Glofera amb la informaci\u00f3 jur\u00eddica, responsabilitats i condicions d\u2019\u00fas del lloc web.","robots":{"index":"index","follow":"follow","max-snippet":"max-snippet:-1","max-image-preview":"max-image-preview:large","max-video-preview":"max-video-preview:-1"},"canonical":"https:\/\/glofera.com\/ca\/avis-legal\/","og_locale":"ca_ES","og_type":"article","og_title":"Av\u00eds legal i condicions d\u2019\u00fas del web | Glofera","og_description":"Consulta l\u2019av\u00eds legal de Glofera amb la informaci\u00f3 jur\u00eddica, responsabilitats i condicions d\u2019\u00fas del lloc web.","og_url":"https:\/\/glofera.com\/ca\/avis-legal\/","og_site_name":"Glofera","article_publisher":"https:\/\/www.facebook.com\/glofera.telecom","article_modified_time":"2026-04-09T09:04:04+00:00","og_image":[{"width":1062,"height":665,"url":"https:\/\/glofera.com\/wp-content\/uploads\/2024\/11\/glofera-telecom-especialistas-en-telecomunicaciones-y-ciberseguridad-para-empresas.jpg","type":"image\/jpeg"}],"twitter_card":"summary_large_image","schema":{"@context":"https:\/\/schema.org","@graph":[{"@type":"WebPage","@id":"https:\/\/glofera.com\/ca\/avis-legal\/","url":"https:\/\/glofera.com\/ca\/avis-legal\/","name":"Av\u00eds legal i condicions d\u2019\u00fas del web | Glofera","isPartOf":{"@id":"https:\/\/glofera.com\/ca\/#website"},"datePublished":"2024-01-11T12:12:41+00:00","dateModified":"2026-04-09T09:04:04+00:00","description":"Consulta l\u2019av\u00eds legal de Glofera amb la informaci\u00f3 jur\u00eddica, responsabilitats i condicions d\u2019\u00fas del lloc web.","breadcrumb":{"@id":"https:\/\/glofera.com\/ca\/avis-legal\/#breadcrumb"},"inLanguage":"ca","potentialAction":[{"@type":"ReadAction","target":["https:\/\/glofera.com\/ca\/avis-legal\/"]}]},{"@type":"BreadcrumbList","@id":"https:\/\/glofera.com\/ca\/avis-legal\/#breadcrumb","itemListElement":[{"@type":"ListItem","position":1,"name":"Portada","item":"https:\/\/glofera.com\/ca\/"},{"@type":"ListItem","position":2,"name":"Av\u00eds Legal"}]},{"@type":"WebSite","@id":"https:\/\/glofera.com\/ca\/#website","url":"https:\/\/glofera.com\/ca\/","name":"Glofera","description":"Ciberseguretat i Telecomunicacions","publisher":{"@id":"https:\/\/glofera.com\/ca\/#organization"},"alternateName":"Telecomunicaciones y Ciberseguridad","potentialAction":[{"@type":"SearchAction","target":{"@type":"EntryPoint","urlTemplate":"https:\/\/glofera.com\/ca\/?s={search_term_string}"},"query-input":{"@type":"PropertyValueSpecification","valueRequired":true,"valueName":"search_term_string"}}],"inLanguage":"ca"},{"@type":"Organization","@id":"https:\/\/glofera.com\/ca\/#organization","name":"Glofera","alternateName":"Telecomunicaciones y Ciberseguridad","url":"https:\/\/glofera.com\/ca\/","logo":{"@type":"ImageObject","inLanguage":"ca","@id":"https:\/\/glofera.com\/ca\/#\/schema\/logo\/image\/","url":"https:\/\/glofera.com\/wp-content\/uploads\/2024\/04\/firma_logo_glofera_2.png","contentUrl":"https:\/\/glofera.com\/wp-content\/uploads\/2024\/04\/firma_logo_glofera_2.png","width":501,"height":501,"caption":"Glofera"},"image":{"@id":"https:\/\/glofera.com\/ca\/#\/schema\/logo\/image\/"},"sameAs":["https:\/\/www.facebook.com\/glofera.telecom","https:\/\/www.linkedin.com\/company\/76501365\/admin\/notifications\/all\/","https:\/\/www.instagram.com\/glofera.telecom\/"]}]}},"_links":{"self":[{"href":"https:\/\/glofera.com\/ca\/wp-json\/wp\/v2\/pages\/4388","targetHints":{"allow":["GET"]}}],"collection":[{"href":"https:\/\/glofera.com\/ca\/wp-json\/wp\/v2\/pages"}],"about":[{"href":"https:\/\/glofera.com\/ca\/wp-json\/wp\/v2\/types\/page"}],"author":[{"embeddable":true,"href":"https:\/\/glofera.com\/ca\/wp-json\/wp\/v2\/users\/1"}],"replies":[{"embeddable":true,"href":"https:\/\/glofera.com\/ca\/wp-json\/wp\/v2\/comments?post=4388"}],"version-history":[{"count":6,"href":"https:\/\/glofera.com\/ca\/wp-json\/wp\/v2\/pages\/4388\/revisions"}],"predecessor-version":[{"id":15720,"href":"https:\/\/glofera.com\/ca\/wp-json\/wp\/v2\/pages\/4388\/revisions\/15720"}],"wp:attachment":[{"href":"https:\/\/glofera.com\/ca\/wp-json\/wp\/v2\/media?parent=4388"}],"curies":[{"name":"wp","href":"https:\/\/api.w.org\/{rel}","templated":true}]}}