{"id":4409,"date":"2024-01-11T13:21:30","date_gmt":"2024-01-11T12:21:30","guid":{"rendered":"https:\/\/glofera.com\/politica-de-cookies\/"},"modified":"2026-04-09T10:47:59","modified_gmt":"2026-04-09T08:47:59","slug":"politica-de-cookies","status":"publish","type":"page","link":"https:\/\/glofera.com\/ca\/politica-de-cookies\/","title":{"rendered":"Pol\u00edtica de les cookies"},"content":{"rendered":"<div class=\"fusion-fullwidth fullwidth-box fusion-builder-row-1 fusion-flex-container has-pattern-background has-mask-background nonhundred-percent-fullwidth non-hundred-percent-height-scrolling\" style=\"--awb-border-radius-top-left:0px;--awb-border-radius-top-right:0px;--awb-border-radius-bottom-right:0px;--awb-border-radius-bottom-left:0px;--awb-margin-top:100px;--awb-flex-wrap:wrap;\" ><div class=\"fusion-builder-row fusion-row fusion-flex-align-items-flex-start fusion-flex-content-wrap\" style=\"max-width:1248px;margin-left: calc(-4% \/ 2 );margin-right: calc(-4% \/ 2 );\"><div class=\"fusion-layout-column fusion_builder_column fusion-builder-column-0 fusion_builder_column_3_4 3_4 fusion-flex-column\" style=\"--awb-bg-size:cover;--awb-width-large:75%;--awb-margin-top-large:0px;--awb-spacing-right-large:2.56%;--awb-margin-bottom-large:20px;--awb-spacing-left-large:2.56%;--awb-width-medium:75%;--awb-order-medium:0;--awb-spacing-right-medium:2.56%;--awb-spacing-left-medium:2.56%;--awb-width-small:100%;--awb-order-small:0;--awb-spacing-right-small:1.92%;--awb-spacing-left-small:1.92%;\"><div class=\"fusion-column-wrapper fusion-column-has-shadow fusion-flex-justify-content-flex-start fusion-content-layout-column\"><div class=\"fusion-text fusion-text-1\"><h1>Pol\u00edtica de Cookies Glofera<\/h1>\n<p>Mitjan\u00e7ant aquesta Pol\u00edtica de Cookies GLOFERA TELECOM SL unipersonal (\u201cGLOFERA\u201d) informa a qualsevol usuari (l&#8217;\u201cUsuari\u201d) que accedeixi al lloc web www.glofera.com (el \u201cLloc Web\u201d) sobre les cookies que s&#8217;hi utilitzen .<\/p>\n<h4>Definici\u00f3 i informaci\u00f3 general sobre de tipus de cookies utilitzades al Lloc Web<\/h4>\n<p>L&#8217;acc\u00e9s al Lloc Web implica la utilitzaci\u00f3 de galetes.<\/p>\n<p>Una galeta \u00e9s un fitxer de text que es descarrega a l&#8217;equip terminal de l&#8217;Usuari per emmagatzemar, durant la seva navegaci\u00f3, certes dades amb una o diverses finalitats.<\/p>\n<p>Les cookies permeten al Lloc Web, entre altres coses, emmagatzemar i recuperar informaci\u00f3 sobre el nombre de visites, els h\u00e0bits de navegaci\u00f3 de l&#8217;Usuari i, depenent de la informaci\u00f3 que continguin i de la manera com l&#8217;Usuari utilitzi l&#8217;equip, es poden utilitzar per recon\u00e8ixer l&#8217;Usuari.<\/p>\n<p>L&#8217;Usuari ha de tenir en compte que per poder utilitzar el Lloc Web cal que tingui habilitades les cookies, especialment aquelles de car\u00e0cter t\u00e8cnic que resultin necess\u00e0ries perqu\u00e8 el Lloc Web pugui identificar-lo com a Usuari registrat cada cop que s&#8217;hi accedeixi<\/p>\n<h2>Tipus de cookies utilitzades al Lloc Web<\/h2>\n<p>En particular, GLOFERA informa a l&#8217;Usuari que el Lloc Web utilitza els seg\u00fcents tipus de cookies, que es distingeixen a les classes seg\u00fcents.<\/p>\n<p>Cookies pr\u00f2pies: S\u00f3n aquelles que s&#8217;envien a l&#8217;equip terminal de l&#8217;usuari des d&#8217;un equip o domini gestionat pel mateix editor i des del qual es presta el servei sol\u00b7licitat per l&#8217;usuari.<\/p>\n<p>Galetes de tercers: S\u00f3n aquelles que s&#8217;envien a l&#8217;equip terminal de l&#8217;Usuari des d&#8217;un equip o domini que no \u00e9s gestionat per l&#8217;editor, sin\u00f3 per una altra entitat que tracta les dades obtingudes a trav\u00e9s de les galetes.<\/p>\n<p>En el cas que les cookies siguin instal\u00b7lades des d&#8217;un equip o domini gestionat pel mateix editor, per\u00f2 la informaci\u00f3 que es reculli mitjan\u00e7ant aquestes sigui gestionada per un tercer, no poden ser considerades com a cookies pr\u00f2pies.<\/p>\n<h3>Tipus de cookies segons el termini de temps que romanguin activades<\/h3>\n<p>Segons el termini de temps que romanguin activades a l&#8217;equip terminal distingim:<\/p>\n<p>Cookies de sessi\u00f3: S\u00f3n un tipus de cookies dissenyades per demanar i emmagatzemar dades mentre l&#8217;Usuari accedeix a una p\u00e0gina web. Se solen emprar per emmagatzemar informaci\u00f3 que nom\u00e9s interessa conservar per a la prestaci\u00f3 del servei sol\u00b7licitat per l&#8217;Usuari en una sola ocasi\u00f3 (p.ex. una llista de productes adquirits).<\/p>\n<p>Cookies persistents: S\u00f3n un tipus de cookies en qu\u00e8 les dades segueixen emmagatzemades al terminal i poden ser accedides i tractades durant un per\u00edode definit pel responsable de la galeta, i que pot anar d&#8217;uns minuts a diversos anys.<\/p>\n<h3>Tipus de cookies segons la finalitat<\/h3>\n<p>Segons la finalitat per a la qual es tractin les dades obtingudes a trav\u00e9s de les cookies, podem distingir entre:<\/p>\n<p>Galetes t\u00e8cniques: S\u00f3n aquelles utilitzades pel Lloc Web que permeten a l&#8217;Usuari la navegaci\u00f3 i la utilitzaci\u00f3 de les diferents opcions o serveis que s&#8217;ofereixen com, per exemple, controlar el tr\u00e0nsit i la comunicaci\u00f3 de dades, accedir a parts d&#8217;acc\u00e9s restringit, realitzar el proc\u00e9s de compra d&#8217;una comanda, utilitzar elements de seguretat, emmagatzemar continguts per difondre v\u00eddeos o compartir continguts a trav\u00e9s de xarxes socials.<\/p>\n<p>Galetes de personalitzaci\u00f3: S\u00f3n aquelles utilitzades pel Lloc Web que permeten a l&#8217;Usuari accedir al Lloc Web amb algunes caracter\u00edstiques de car\u00e0cter general predefinides en funci\u00f3 d&#8217;una s\u00e8rie de criteris al seu terminal com, per exemple, l&#8217;idioma, el tipus de navegador, la configuraci\u00f3 regional des d&#8217;on accedeix, etc. Les galetes de personalitzaci\u00f3 poden aportar dades sobre quins idiomes prefereix l&#8217;Usuari i quines s\u00f3n les vostres prefer\u00e8ncies de comunicaci\u00f3. Aix\u00ed mateix, poden ajudar l&#8217;Usuari a omplir els formularis al Lloc Web amb m\u00e9s facilitat.<\/p>\n<p>Cookies de rendiment, an\u00e0lisi i navegaci\u00f3: S\u00f3n aquelles utilitzades pel Lloc Web i per GOOGLE ANALYTICS que permeten quantificar el nombre d&#8217;Usuaris i aix\u00ed realitzar el mesurament i l&#8217;an\u00e0lisi estad\u00edstica de la utilitzaci\u00f3 i activitat que fan els Usuaris, aix\u00ed com elaborar perfils de navegaci\u00f3 d&#8217;aquests per poder introduir millores al Lloc Web.<\/p>\n<p>Cookies publicit\u00e0ries i de publicitat comportamental: S\u00f3n aquelles utilitzades pel Lloc Web i pels col\u00b7laboradors del mateix que gestionen els espais que serveixen publicitat en aquest Lloc Web que permeten difondre publicitat adequada i rellevant, mesurar l&#8217;efectivitat de les campanyes de GLOFERA online, gestionar l&#8217;oferta d&#8217;espais publicitaris al Lloc Web, aix\u00ed com adequar el contingut dels anuncis al perfil de navegaci\u00f3 de cada Usuari a Internet.<\/p>\n<p>Aix\u00ed mateix, el Lloc Web tamb\u00e9 pot utilitzar una galeta per esbrinar si els Usuaris que van veure un anunci al Lloc Web van visitar m\u00e9s tard el lloc web de l&#8217;anunciant. L&#8217;Usuari ha de tenir en compte que, encara que el Lloc Web no utilitza cookies per crear un perfil del seu comportament de navegaci\u00f3 a llocs web de tercers, s\u00ed que utilitza les dades agregades de tercers, les dades del seu perfil i l&#8217;activitat al Lloc Web per mostrar publicitat rellevant basada en els seus interessos.<\/p>\n<p>Les galetes romandran emmagatzemades durant 365 dies.<\/p>\n<h2>Cookies espec\u00edfiques que utilitza aquest Lloc Web<\/h2>\n<p>El Lloc Web utilitza tecnologia dan\u00e0lisi web per a tercers com GOOGLE ANALYTICS que sencarreguen de recollir informaci\u00f3 dels Usuaris que visiten la p\u00e0gina web. Els fins de la informaci\u00f3 que es recull s\u00f3n principalment fins de m\u00e0rqueting i optimitzaci\u00f3 de la p\u00e0gina web. GLOFERA pot utilitzar les galetes dels seus partners per guardar la informaci\u00f3 que es mantindr\u00e0 de forma totalment an\u00f2nima. Aquesta informaci\u00f3 us serveix per con\u00e8ixer quins llocs web s\u00f3n els m\u00e9s atractius per als vostres clients, els productes d&#8217;inter\u00e8s i les ofertes que vol veure l&#8217;Usuari. Encara que els partners s\u00f3n els que utilitzen la informaci\u00f3 en nom de GLOFERA, aquesta controla la forma dutilitzaci\u00f3 daquesta.<\/p>\n<h2>Forma de desactivar o eliminar les cookies descrites<\/h2>\n<p>En cas de no voler ajudar el Lloc Web de GLOFERA, l&#8217;Usuari sempre pot deshabilitar o canviar la configuraci\u00f3 de cookies al vostre navegador.<\/p>\n<p>Cal tenir en compte que, en cas de canviar la configuraci\u00f3 de cookies, l&#8217;experi\u00e8ncia de l&#8217;usuari pot ser pitjor, ja que deixar\u00e0 de ser personalitzada.<\/p>\n<p>Podeu modificar les vostres prefer\u00e8ncies sobre cookies aqu\u00ed.<\/p>\n<h3>Consentiment informat<\/h3>\n<p>La mera utilitzaci\u00f3 del present Lloc Web implica que l&#8217;Usuari presta el seu consentiment expr\u00e9s i inequ\u00edvoc a la utilitzaci\u00f3 de cookies, en els termes i les condicions prevists a la Pol\u00edtica, sense perjudici de les mesures de desactivaci\u00f3 i eliminaci\u00f3 de les cookies que l&#8217;Usuari pugui adoptar , comentades a l&#8217;apartat anterior. Tot i aix\u00f2, GLOFERA requerir\u00e0 el consentiment expr\u00e9s mitjan\u00e7ant una acci\u00f3 clarament afirmativa de l&#8217;Usuari per fer \u00fas de les cookies aqu\u00ed recollides.<\/p>\n<p>A continuaci\u00f3, us proporcionem els enlla\u00e7os de diversos navegadors, a trav\u00e9s dels quals podreu modificar la configuraci\u00f3 del vostre navegador sobre l&#8217;\u00fas de cookies:<\/p>\n<p>Firefox des d&#8217;aqu\u00ed: http:\/\/support.mozilla.org\/es\/kb\/habilitar-y-deshabilitar-cookies-que-los-sitios-we<\/p>\n<p>Chrome des d&#8217;aqu\u00ed: http:\/\/support.google.com\/chrome\/bin\/answer.py?hl=ca&amp;answer=95647<\/p>\n<p>Explorer des d&#8217;aqu\u00ed: http:\/\/windows.microsoft.com\/es-es\/internet-explorer\/delete-manage-cookies#ie=ie-10<\/p>\n<p>Safari des d&#8217;aqu\u00ed: https:\/\/support.apple.com\/kb\/ph17191?locale=ca_ES<\/p>\n<p>Opera des d&#8217;aqu\u00ed: https:\/\/help.opera.com\/en\/latest\/web-preferences\/#cookies<\/p>\n<p>Per con\u00e8ixer m\u00e9s informaci\u00f3 sobre el tractament de dades personals, us recomanem visitar el nostre apartat <span style=\"color: #339966;\"><a style=\"color: #339966;\" href=\"https:\/\/glofera.com\/ca\/politica-de-privadesa\/\">Pol\u00edtica de Privadesa<\/a><\/span> .<\/p>\n<\/div><\/div><\/div><div class=\"fusion-layout-column fusion_builder_column fusion-builder-column-1 fusion_builder_column_1_4 1_4 fusion-flex-column\" style=\"--awb-bg-size:cover;--awb-width-large:25%;--awb-margin-top-large:0px;--awb-spacing-right-large:7.68%;--awb-margin-bottom-large:20px;--awb-spacing-left-large:7.68%;--awb-width-medium:25%;--awb-order-medium:0;--awb-spacing-right-medium:7.68%;--awb-spacing-left-medium:7.68%;--awb-width-small:100%;--awb-order-small:0;--awb-spacing-right-small:1.92%;--awb-spacing-left-small:1.92%;\"><div class=\"fusion-column-wrapper fusion-column-has-shadow fusion-flex-justify-content-flex-start fusion-content-layout-column\"><div class=\"fusion-widget-area awb-widget-area-element fusion-widget-area-1 fusion-content-widget-area\" style=\"--awb-title-color:var(--awb-color8);--awb-padding:0px 0px 0px 0px;\"><style type=\"text\/css\" data-id=\"nav_menu-2\">#nav_menu-2 li { border-color:var(--awb-color4);}<\/style><div id=\"nav_menu-2\" class=\"widget widget_nav_menu\" style=\"padding: 10px;background-color: var(--awb-color2);border-style: solid;border-color: var(--awb-color4);border-color:transparent;border-width:0px;\"><div class=\"heading\"><h4 class=\"widget-title\">Documentaci\u00f3n Legal<\/h4><\/div><div class=\"menu-documentacion-legal-ca-container\"><ul id=\"menu-documentacion-legal-ca\" class=\"menu\"><li id=\"menu-item-5686\" class=\"menu-item menu-item-type-post_type menu-item-object-page menu-item-5686\"><a href=\"https:\/\/glofera.com\/ca\/avis-legal\/\">Av\u00eds Legal<\/a><\/li>\n<li id=\"menu-item-5687\" class=\"menu-item menu-item-type-post_type menu-item-object-page menu-item-5687\"><a href=\"https:\/\/glofera.com\/ca\/condicions-dus\/\">Condicions d&#8217;\u00fas<\/a><\/li>\n<li id=\"menu-item-5688\" class=\"menu-item menu-item-type-post_type menu-item-object-page menu-item-5688\"><a href=\"https:\/\/glofera.com\/ca\/politica-de-cookies\/\">Pol\u00edtica de les cookies<\/a><\/li>\n<li id=\"menu-item-5689\" class=\"menu-item menu-item-type-post_type menu-item-object-page menu-item-5689\"><a href=\"https:\/\/glofera.com\/ca\/politica-de-privadesa\/\">Pol\u00edtica de privadesa<\/a><\/li>\n<\/ul><\/div><\/div><div class=\"fusion-additional-widget-content\"><\/div><\/div><\/div><\/div><\/div><\/div>\n","protected":false},"excerpt":{"rendered":"","protected":false},"author":1,"featured_media":0,"parent":0,"menu_order":0,"comment_status":"closed","ping_status":"closed","template":"100-width.php","meta":{"_joinchat":[],"footnotes":""},"class_list":["post-4409","page","type-page","status-publish","hentry"],"yoast_head":"<!-- This site is optimized with the Yoast SEO plugin v27.5 - https:\/\/yoast.com\/product\/yoast-seo-wordpress\/ -->\n<title>Pol\u00edtica de les cookies | Glofera<\/title>\n<meta name=\"description\" content=\"Consulta la pol\u00edtica de galetes de Glofera i descobreix com utilitzem galetes per millorar la teva experi\u00e8ncia.\" \/>\n<meta name=\"robots\" content=\"index, follow, max-snippet:-1, max-image-preview:large, max-video-preview:-1\" \/>\n<link rel=\"canonical\" href=\"https:\/\/glofera.com\/ca\/politica-de-cookies\/\" \/>\n<meta property=\"og:locale\" content=\"ca_ES\" \/>\n<meta property=\"og:type\" content=\"article\" \/>\n<meta property=\"og:title\" content=\"Pol\u00edtica de les cookies | Glofera\" \/>\n<meta property=\"og:description\" content=\"Consulta la pol\u00edtica de galetes de Glofera i descobreix com utilitzem galetes per millorar la teva experi\u00e8ncia.\" \/>\n<meta property=\"og:url\" content=\"https:\/\/glofera.com\/ca\/politica-de-cookies\/\" \/>\n<meta property=\"og:site_name\" content=\"Glofera\" \/>\n<meta property=\"article:publisher\" content=\"https:\/\/www.facebook.com\/glofera.telecom\" \/>\n<meta property=\"article:modified_time\" content=\"2026-04-09T08:47:59+00:00\" \/>\n<meta property=\"og:image\" content=\"https:\/\/glofera.com\/wp-content\/uploads\/2024\/11\/glofera-telecom-especialistas-en-telecomunicaciones-y-ciberseguridad-para-empresas.jpg\" \/>\n\t<meta property=\"og:image:width\" content=\"1062\" \/>\n\t<meta property=\"og:image:height\" content=\"665\" \/>\n\t<meta property=\"og:image:type\" content=\"image\/jpeg\" \/>\n<meta name=\"twitter:card\" content=\"summary_large_image\" \/>\n<script type=\"application\/ld+json\" class=\"yoast-schema-graph\">{\"@context\":\"https:\\\/\\\/schema.org\",\"@graph\":[{\"@type\":\"WebPage\",\"@id\":\"https:\\\/\\\/glofera.com\\\/ca\\\/politica-de-cookies\\\/\",\"url\":\"https:\\\/\\\/glofera.com\\\/ca\\\/politica-de-cookies\\\/\",\"name\":\"Pol\u00edtica de les cookies | Glofera\",\"isPartOf\":{\"@id\":\"https:\\\/\\\/glofera.com\\\/ca\\\/#website\"},\"datePublished\":\"2024-01-11T12:21:30+00:00\",\"dateModified\":\"2026-04-09T08:47:59+00:00\",\"description\":\"Consulta la pol\u00edtica de galetes de Glofera i descobreix com utilitzem galetes per millorar la teva experi\u00e8ncia.\",\"breadcrumb\":{\"@id\":\"https:\\\/\\\/glofera.com\\\/ca\\\/politica-de-cookies\\\/#breadcrumb\"},\"inLanguage\":\"ca\",\"potentialAction\":[{\"@type\":\"ReadAction\",\"target\":[\"https:\\\/\\\/glofera.com\\\/ca\\\/politica-de-cookies\\\/\"]}]},{\"@type\":\"BreadcrumbList\",\"@id\":\"https:\\\/\\\/glofera.com\\\/ca\\\/politica-de-cookies\\\/#breadcrumb\",\"itemListElement\":[{\"@type\":\"ListItem\",\"position\":1,\"name\":\"Portada\",\"item\":\"https:\\\/\\\/glofera.com\\\/ca\\\/\"},{\"@type\":\"ListItem\",\"position\":2,\"name\":\"Pol\u00edtica de les cookies\"}]},{\"@type\":\"WebSite\",\"@id\":\"https:\\\/\\\/glofera.com\\\/ca\\\/#website\",\"url\":\"https:\\\/\\\/glofera.com\\\/ca\\\/\",\"name\":\"Glofera\",\"description\":\"Ciberseguretat i Telecomunicacions\",\"publisher\":{\"@id\":\"https:\\\/\\\/glofera.com\\\/ca\\\/#organization\"},\"alternateName\":\"Telecomunicaciones y Ciberseguridad\",\"potentialAction\":[{\"@type\":\"SearchAction\",\"target\":{\"@type\":\"EntryPoint\",\"urlTemplate\":\"https:\\\/\\\/glofera.com\\\/ca\\\/?s={search_term_string}\"},\"query-input\":{\"@type\":\"PropertyValueSpecification\",\"valueRequired\":true,\"valueName\":\"search_term_string\"}}],\"inLanguage\":\"ca\"},{\"@type\":\"Organization\",\"@id\":\"https:\\\/\\\/glofera.com\\\/ca\\\/#organization\",\"name\":\"Glofera\",\"alternateName\":\"Telecomunicaciones y Ciberseguridad\",\"url\":\"https:\\\/\\\/glofera.com\\\/ca\\\/\",\"logo\":{\"@type\":\"ImageObject\",\"inLanguage\":\"ca\",\"@id\":\"https:\\\/\\\/glofera.com\\\/ca\\\/#\\\/schema\\\/logo\\\/image\\\/\",\"url\":\"https:\\\/\\\/glofera.com\\\/wp-content\\\/uploads\\\/2024\\\/04\\\/firma_logo_glofera_2.png\",\"contentUrl\":\"https:\\\/\\\/glofera.com\\\/wp-content\\\/uploads\\\/2024\\\/04\\\/firma_logo_glofera_2.png\",\"width\":501,\"height\":501,\"caption\":\"Glofera\"},\"image\":{\"@id\":\"https:\\\/\\\/glofera.com\\\/ca\\\/#\\\/schema\\\/logo\\\/image\\\/\"},\"sameAs\":[\"https:\\\/\\\/www.facebook.com\\\/glofera.telecom\",\"https:\\\/\\\/www.linkedin.com\\\/company\\\/76501365\\\/admin\\\/notifications\\\/all\\\/\",\"https:\\\/\\\/www.instagram.com\\\/glofera.telecom\\\/\"]}]}<\/script>\n<!-- \/ Yoast SEO plugin. -->","yoast_head_json":{"title":"Pol\u00edtica de les cookies | Glofera","description":"Consulta la pol\u00edtica de galetes de Glofera i descobreix com utilitzem galetes per millorar la teva experi\u00e8ncia.","robots":{"index":"index","follow":"follow","max-snippet":"max-snippet:-1","max-image-preview":"max-image-preview:large","max-video-preview":"max-video-preview:-1"},"canonical":"https:\/\/glofera.com\/ca\/politica-de-cookies\/","og_locale":"ca_ES","og_type":"article","og_title":"Pol\u00edtica de les cookies | Glofera","og_description":"Consulta la pol\u00edtica de galetes de Glofera i descobreix com utilitzem galetes per millorar la teva experi\u00e8ncia.","og_url":"https:\/\/glofera.com\/ca\/politica-de-cookies\/","og_site_name":"Glofera","article_publisher":"https:\/\/www.facebook.com\/glofera.telecom","article_modified_time":"2026-04-09T08:47:59+00:00","og_image":[{"width":1062,"height":665,"url":"https:\/\/glofera.com\/wp-content\/uploads\/2024\/11\/glofera-telecom-especialistas-en-telecomunicaciones-y-ciberseguridad-para-empresas.jpg","type":"image\/jpeg"}],"twitter_card":"summary_large_image","schema":{"@context":"https:\/\/schema.org","@graph":[{"@type":"WebPage","@id":"https:\/\/glofera.com\/ca\/politica-de-cookies\/","url":"https:\/\/glofera.com\/ca\/politica-de-cookies\/","name":"Pol\u00edtica de les cookies | Glofera","isPartOf":{"@id":"https:\/\/glofera.com\/ca\/#website"},"datePublished":"2024-01-11T12:21:30+00:00","dateModified":"2026-04-09T08:47:59+00:00","description":"Consulta la pol\u00edtica de galetes de Glofera i descobreix com utilitzem galetes per millorar la teva experi\u00e8ncia.","breadcrumb":{"@id":"https:\/\/glofera.com\/ca\/politica-de-cookies\/#breadcrumb"},"inLanguage":"ca","potentialAction":[{"@type":"ReadAction","target":["https:\/\/glofera.com\/ca\/politica-de-cookies\/"]}]},{"@type":"BreadcrumbList","@id":"https:\/\/glofera.com\/ca\/politica-de-cookies\/#breadcrumb","itemListElement":[{"@type":"ListItem","position":1,"name":"Portada","item":"https:\/\/glofera.com\/ca\/"},{"@type":"ListItem","position":2,"name":"Pol\u00edtica de les cookies"}]},{"@type":"WebSite","@id":"https:\/\/glofera.com\/ca\/#website","url":"https:\/\/glofera.com\/ca\/","name":"Glofera","description":"Ciberseguretat i Telecomunicacions","publisher":{"@id":"https:\/\/glofera.com\/ca\/#organization"},"alternateName":"Telecomunicaciones y Ciberseguridad","potentialAction":[{"@type":"SearchAction","target":{"@type":"EntryPoint","urlTemplate":"https:\/\/glofera.com\/ca\/?s={search_term_string}"},"query-input":{"@type":"PropertyValueSpecification","valueRequired":true,"valueName":"search_term_string"}}],"inLanguage":"ca"},{"@type":"Organization","@id":"https:\/\/glofera.com\/ca\/#organization","name":"Glofera","alternateName":"Telecomunicaciones y Ciberseguridad","url":"https:\/\/glofera.com\/ca\/","logo":{"@type":"ImageObject","inLanguage":"ca","@id":"https:\/\/glofera.com\/ca\/#\/schema\/logo\/image\/","url":"https:\/\/glofera.com\/wp-content\/uploads\/2024\/04\/firma_logo_glofera_2.png","contentUrl":"https:\/\/glofera.com\/wp-content\/uploads\/2024\/04\/firma_logo_glofera_2.png","width":501,"height":501,"caption":"Glofera"},"image":{"@id":"https:\/\/glofera.com\/ca\/#\/schema\/logo\/image\/"},"sameAs":["https:\/\/www.facebook.com\/glofera.telecom","https:\/\/www.linkedin.com\/company\/76501365\/admin\/notifications\/all\/","https:\/\/www.instagram.com\/glofera.telecom\/"]}]}},"_links":{"self":[{"href":"https:\/\/glofera.com\/ca\/wp-json\/wp\/v2\/pages\/4409","targetHints":{"allow":["GET"]}}],"collection":[{"href":"https:\/\/glofera.com\/ca\/wp-json\/wp\/v2\/pages"}],"about":[{"href":"https:\/\/glofera.com\/ca\/wp-json\/wp\/v2\/types\/page"}],"author":[{"embeddable":true,"href":"https:\/\/glofera.com\/ca\/wp-json\/wp\/v2\/users\/1"}],"replies":[{"embeddable":true,"href":"https:\/\/glofera.com\/ca\/wp-json\/wp\/v2\/comments?post=4409"}],"version-history":[{"count":6,"href":"https:\/\/glofera.com\/ca\/wp-json\/wp\/v2\/pages\/4409\/revisions"}],"predecessor-version":[{"id":15676,"href":"https:\/\/glofera.com\/ca\/wp-json\/wp\/v2\/pages\/4409\/revisions\/15676"}],"wp:attachment":[{"href":"https:\/\/glofera.com\/ca\/wp-json\/wp\/v2\/media?parent=4409"}],"curies":[{"name":"wp","href":"https:\/\/api.w.org\/{rel}","templated":true}]}}