{"id":4417,"date":"2024-01-11T13:21:48","date_gmt":"2024-01-11T12:21:48","guid":{"rendered":"https:\/\/glofera.com\/politica-de-privadesa\/"},"modified":"2026-04-09T10:48:17","modified_gmt":"2026-04-09T08:48:17","slug":"politica-de-privadesa","status":"publish","type":"page","link":"https:\/\/glofera.com\/ca\/politica-de-privadesa\/","title":{"rendered":"Pol\u00edtica de privadesa"},"content":{"rendered":"<div class=\"fusion-fullwidth fullwidth-box fusion-builder-row-1 fusion-flex-container has-pattern-background has-mask-background nonhundred-percent-fullwidth non-hundred-percent-height-scrolling\" style=\"--awb-border-radius-top-left:0px;--awb-border-radius-top-right:0px;--awb-border-radius-bottom-right:0px;--awb-border-radius-bottom-left:0px;--awb-margin-top:100px;--awb-flex-wrap:wrap;\" ><div class=\"fusion-builder-row fusion-row fusion-flex-align-items-flex-start fusion-flex-content-wrap\" style=\"max-width:1248px;margin-left: calc(-4% \/ 2 );margin-right: calc(-4% \/ 2 );\"><div class=\"fusion-layout-column fusion_builder_column fusion-builder-column-0 fusion_builder_column_3_4 3_4 fusion-flex-column\" style=\"--awb-bg-size:cover;--awb-width-large:75%;--awb-margin-top-large:0px;--awb-spacing-right-large:2.56%;--awb-margin-bottom-large:20px;--awb-spacing-left-large:2.56%;--awb-width-medium:75%;--awb-order-medium:0;--awb-spacing-right-medium:2.56%;--awb-spacing-left-medium:2.56%;--awb-width-small:100%;--awb-order-small:0;--awb-spacing-right-small:1.92%;--awb-spacing-left-small:1.92%;\"><div class=\"fusion-column-wrapper fusion-column-has-shadow fusion-flex-justify-content-flex-start fusion-content-layout-column\"><div class=\"fusion-text fusion-text-1\"><h1>Pol\u00edtica de privadesa i protecci\u00f3 de dades<\/h1>\n<p>Mitjan\u00e7ant aquesta Pol\u00edtica de Privadesa i Protecci\u00f3 de Dades (la \u201cPol\u00edtica de Privadesa\u201d), GLOFERA TELECOM SL unipersonal (\u201cGLOFERA\u201d), informa sobre el tractament de dades de car\u00e0cter personal recollides dels usuaris, de conformitat amb el que estableix el Reglament (UE) 2016\/679, de 27 d&#8217;abril, relatiu a la protecci\u00f3 de les persones f\u00edsiques pel que fa al tractament de dades personals ia la lliure circulaci\u00f3 de dades i la resta de normativa aplicable.<\/p>\n<p>La Pol\u00edtica de Privadesa inclou la informaci\u00f3 necess\u00e0ria perqu\u00e8 els Usuaris, pr\u00e8viament i de forma lliure, puguin decidir si es volen facilitar les dades personals que els puguin ser requerides amb motiu de la subscripci\u00f3 dels serveis i prestacions que ofereix GLOFERA a trav\u00e9s del lloc web http:\/\/www.glofera.com (el \u201cLloc Web\u201d), i puguin decidir si volen prestar el seu consentiment per al tractament de les seves dades de car\u00e0cter personal.<\/p>\n<h4>Responsable del tractament<\/h4>\n<p>El responsable dels tractaments de les dades referents als diferents processos per a la gesti\u00f3 d&#8217;usuaris, clients, clients potencials, col\u00b7laboradors o qualsevol altra persona que sol\u00b7liciti informaci\u00f3 o en faciliti les dades, \u00e9s GLOFERA, les dades de la qual consten a continuaci\u00f3:<\/p>\n<p style=\"padding-left: 40px;\">TITULAR: GLOFERA TELECOM S.L. unipersonal<br \/>\nNIF: B42924795<br \/>\nDIRECCI\u00d3N: Avenida Diagonal, 601, piso 8, 08028 Barcelona<br \/>\nCONTACTO: hola@glofera.com o tel\u00e9fono: 900 600 300.<br \/>\nDATOS REGISTRALES: Registro Mercantil de Barcelona, Tomo 47.681, Folio 221, Hoja B-559.218.<\/p>\n<h4>Categories de dades obtingudes<\/h4>\n<p>Per a la prestaci\u00f3 correcta dels Serveis per part de GLOFERA o per permetre l&#8217;acc\u00e9s i la navegaci\u00f3 al Lloc Web, es podran requerir, segons el cas, les categories de dades seg\u00fcents: dades d&#8217;identificaci\u00f3, adreces postals o electr\u00f2niques, dades econ\u00f2miques i transaccions, dades professionals, informaci\u00f3 comercial i circumst\u00e0ncies personals.<\/p>\n<p>En cap cas tractem dades especialment protegides. Totes les dades esmentades abans les hem obtingut o directament de tu mitjan\u00e7ant la presentaci\u00f3 d&#8217;una oferta comercial, proposta contractual, sol\u00b7licitud d&#8217;informaci\u00f3 etc. o de la teva empresa en facilitar-nos les dades d&#8217;identificaci\u00f3 i la resta d&#8217;informaci\u00f3 necess\u00e0ria per dur a terme l&#8217;objecte de la relaci\u00f3 contractual o informativa amb GLOFERA. Ser\u00e0 la teva obligaci\u00f3 o de la teva empresa facilitar-nos les dades actualitzades en cas de modificaci\u00f3. Pel que fa a les dades de candidats a ocupaci\u00f3, hem obtingut les seves dades mitjan\u00e7ant la presentaci\u00f3 d&#8217;un CV per part seva o l&#8217;obtenci\u00f3 de la seva candidatura mitjan\u00e7ant els serveis d&#8217;un portal d&#8217;ocupaci\u00f3. En aquest darrer cas ens has autoritzat aquesta cessi\u00f3 de les teves dades a la nostra empresa en enviar-nos les teves dades curriculars.<\/p>\n<h4>Finalitat de tractament<\/h4>\n<p>A GLOFERA el tractament de les dades t\u00e9 com a finalitat gestionar diferents activitats derivades de la pr\u00f2pia prestaci\u00f3 del servei, aix\u00ed com per dur a terme algunes accions com ara la realitzaci\u00f3 i desenvolupament dels serveis contractats per l&#8217;Usuari, accions comercials i enviaments publicitaris, gesti\u00f3 administrativa, facturaci\u00f3, comptabilitat i obligacions legals, gesti\u00f3 dels usuaris de serveis de la societat de la informaci\u00f3 i instal\u00b7laci\u00f3 de cookies o atendre consultes i remetre informaci\u00f3 relacionada amb l&#8217;inter\u00e8s de l&#8217;usuari.<\/p>\n<p>En cas que l&#8217;Usuari estigui obligat a facilitar les dades personals per poder executar un contracte o fer efectiu un servei, aix\u00ed com complir les obligacions legals o derivades de les Administracions P\u00fabliques, GLOFERA ho posar\u00e0 en coneixement d&#8217;aquell.<\/p>\n<p>GLOFERA no crear\u00e0 perfils comercials sobre la base de la informaci\u00f3 ni es prendran decisions automatitzades sobre el perfil comercial de l&#8217;Usuari.<\/p>\n<h4>Legitimaci\u00f3 per al tractament<\/h4>\n<p>Les bases de legitimaci\u00f3 seran la correcta execuci\u00f3 del contracte i la prestaci\u00f3 del servei, el consentiment de l&#8217;interessat o l&#8217;inter\u00e8s leg\u00edtim de GLOFERA, segons el cas.<\/p>\n<h4>Destinataris de les dades<\/h4>\n<p>A m\u00e9s de ser GLOFERA el destinatari, pot proporcionar les dades demanades de l&#8217;Usuari a terceres persones, la qual cosa es portar\u00e0 en tot cas en compliment de la normativa d&#8217;aplicaci\u00f3 i complint les obligacions d&#8217;informaci\u00f3 i obtenci\u00f3 del consentiment de l&#8217;Usuari quan sigui preceptiu. Ser\u00e0 obligaci\u00f3 de GLOFERA garantir que els tercers receptors de les dades implementin els mateixos nivells de seguretat que GLOFERA en relaci\u00f3 amb les dades personals dels Usuaris i estar\u00e0 vinculats a compromisos legals i\/o contractuals quan sigui necessari per tractar les dades de manera privada i segura.<\/p>\n<p>Aix\u00ed mateix, GLOFERA pot transmetre les dades a organismes de l&#8217;Administraci\u00f3 p\u00fablica i autoritats competents en cas que sigui requerida d&#8217;acord amb la legislaci\u00f3 vigent.<\/p>\n<h4>Termini de conservaci\u00f3 de les dades<\/h4>\n<p>GLOFERA nom\u00e9s emmagatzemar\u00e0 les dades en la mesura que siguin necess\u00e0ries per a la finalitat per a la qual s&#8217;hagin demanat i segons la base de legitimaci\u00f3 del tractament.<\/p>\n<p>Per temps \u201cnecessari\u201d pot significar que GLOFERA pot conservar les dades durant un per\u00edode raonable fins i tot despr\u00e9s d&#8217;haver abandonat l&#8217;Usuari el Lloc Web o haver acabat la prestaci\u00f3 dels Serveis de GLOFERA.<\/p>\n<p>Quant a les dades personals recopilades mitjan\u00e7ant formularis de contacte i\/o recollida d&#8217;informaci\u00f3, es conservaran fins que l&#8217;interessat sol\u00b7licite la supressi\u00f3, llevat que s&#8217;hi indiqu\u00e9s el contrari.<\/p>\n<p>D&#8217;altra banda, les dades proporcionades per empreses es mantindran tant com duri la relaci\u00f3 mercantil o comercial, respectant els m\u00ednims legals de conservaci\u00f3 depenent de la mat\u00e8ria.<\/p>\n<p>Un cop complert tot aix\u00f2, GLOFERA eliminar\u00e0 les dades de tots els seus sistemes.<\/p>\n<h4>Drets de l&#8217;Usuari<\/h4>\n<p>Qualsevol persona t\u00e9 dret a saber si GLOFERA est\u00e0 tractant o no les dades de car\u00e0cter personal.<\/p>\n<p>Les persones interessades tenen dret d&#8217;acc\u00e9s a les vostres dades personals, dret a la rectificaci\u00f3 de dades inexactes o sol\u00b7licitar-ne la supressi\u00f3 en cas que les dades van ser sol\u00b7licitades per a fins que ja s&#8217;han complert.<\/p>\n<p>En certes circumst\u00e0ncies, poden sol\u00b7licitar la limitaci\u00f3 del tractament de les seves dades o oposici\u00f3 a utilitzar-les. En aquests casos GLOFERA haur\u00e0 de deixar de tractar aquestes dades excepte motius leg\u00edtims imperiosos o exercici o defensa de possibles reclamacions.<\/p>\n<p>L&#8217;Usuari t\u00e9, a m\u00e9s, dret a retirar els consentiments atorgats en tot moment, sense que aix\u00f2 suposi que el tractament basat en aquestes dades sigui il\u00b7l\u00edcit.<\/p>\n<p>Per exercir aquests drets, l&#8217;Usuari es pot dirigir per escrit utilitzant les dades de contacte del \u201cresponsable de tractament\u201d, presentant c\u00f2pia del DNI o mitjan\u00e7ant un correu electr\u00f2nic a l&#8217;adre\u00e7a del Delegat de Protecci\u00f3 de Dades (DPO): rgpd@ glofera.com<\/p>\n<p>En cas que no obtingui una resposta satisfact\u00f2ria per aquests mitjans, podr\u00e0 adre\u00e7ar-se a l&#8217;Ag\u00e8ncia Espanyola de Protecci\u00f3 de Dades (carrer Jorge Juan n\u00famero 6, 28001, Madrid\/ www.agdp.es) a efectes de demanar informaci\u00f3 addicional o, a si \u00e9s el cas, presentar interposar una reclamaci\u00f3.<\/p>\n<h4>Mesures de seguretat.<\/h4>\n<p>GLOFERA t\u00e9 implantades les mesures de seguretat d&#8217;\u00edndole t\u00e8cnica i organitzativa necess\u00e0ries per garantir la seguretat de les dades de car\u00e0cter personal i aix\u00ed evitar la seva alteraci\u00f3, p\u00e8rdua i tractament i\/o acc\u00e9s no autoritzat, tenint en compte l&#8217;estat de la tecnologia, la naturalesa de les dades emmagatzemades i els riscos a qu\u00e8 estan exposats, ja provinguin d&#8217;acci\u00f3 humana o del medi f\u00edsic o natural.<\/p>\n<p>GLOFERA mant\u00e9 en tot moment la supervisi\u00f3, control i avaluaci\u00f3 dels processos per assegurar el respecte a la privadesa de les dades.<\/p>\n<p>GLOFERA utilitza el servei de la tecnologia Secure Socket Layer (SSL), el qual permet les comunicacions i el comer\u00e7 electr\u00f2nic segurs a llocs web, intranets i extranets. La recollida de dades dusuari i les operacions de pagament que es realitzin a trav\u00e9s del lloc web es tramiten de forma segura. SSL garanteix la confidencialitat mitjan\u00e7ant la codificaci\u00f3 de la informaci\u00f3 rebuda.<\/p>\n<p>Totes les dades proporcionades pels Usuaris estan protegides contra qualsevol acc\u00e9s sense autoritzaci\u00f3.<\/p>\n<h4>Perfils d&#8217;usuari<\/h4>\n<p>Tots els Usuaris que contractin els Serveis oferts per GLOFERA per mitj\u00e0 del Lloc Web, comptaran amb un perfil d&#8217;usuari en qu\u00e8 es recolliran les vostres dades personals i detalls de facturaci\u00f3, que facilitar\u00e0 les compres futures.<\/p>\n<p>Cada Usuari registrat comptar\u00e0 amb un nom d&#8217;usuari i una contrasenya, sent responsabilitat del propi Usuari la seva conservaci\u00f3 i tractament amb car\u00e0cter confidencial, declarant-se coneixedor de la prohibici\u00f3 de compartir aquestes dades amb tercers o permetre&#8217;n l&#8217;\u00fas.<\/p>\n<p>GLOFERA no acceptar\u00e0 reclamaci\u00f3 ni es fa responsable en cas que algun usuari que hagu\u00e9s cedit, lliurat, perdut o facilitat la contrasenya a terceres persones.<\/p>\n<p>L&#8217;Usuari declara que les dades de car\u00e0cter personal que notifica a GLOFERA s\u00f3n veraces i correctes i que, davant de qualsevol modificaci\u00f3, coneix que haur\u00e0 de comunicar la modificaci\u00f3 a GLOFERA al m\u00e9s aviat possible.<\/p>\n<p>S&#8217;utilitzar\u00e0 la informaci\u00f3 personal per a la identificaci\u00f3 com a Usuari, per processar les comandes, i per enviar informaci\u00f3 rellevant per al client sobre compres i comandes, sempre que no hagi manifestat la negativa a rebre aquest tipus d&#8217;informaci\u00f3.<\/p>\n<h4>Modificacions de la Pol\u00edtica de Privadesa<\/h4>\n<p>GLOFERA es reserva el dret de modificar la present Pol\u00edtica de Privadesa, sent la versi\u00f3 vigent aquella publicada en cada moment. GLOFERA podr\u00e0 modificar de forma unilateral i sense av\u00eds previ la Pol\u00edtica de Privadesa, sense que se&#8217;n derivi cap dret per a l&#8217;Usuari m\u00e9s enll\u00e0 dels que expressament se li reconeguin en els textos legals del Lloc Web.<\/p>\n<h4>Cookies<\/h4>\n<p>L&#8217;Usuari pot consultar la Pol\u00edtica de Cookies del Lloc Web de GLOFERA a trav\u00e9s del seg\u00fcent<br \/>\n<span style=\"color: #339966;\"><a style=\"color: #339966;\" href=\"https:\/\/glofera.com\/ca\/politica-de-cookies\/\">enlla\u00e7.<\/a><\/span><\/p>\n<\/div><\/div><\/div><div class=\"fusion-layout-column fusion_builder_column fusion-builder-column-1 fusion_builder_column_1_4 1_4 fusion-flex-column\" style=\"--awb-bg-size:cover;--awb-width-large:25%;--awb-margin-top-large:0px;--awb-spacing-right-large:7.68%;--awb-margin-bottom-large:20px;--awb-spacing-left-large:7.68%;--awb-width-medium:25%;--awb-order-medium:0;--awb-spacing-right-medium:7.68%;--awb-spacing-left-medium:7.68%;--awb-width-small:100%;--awb-order-small:0;--awb-spacing-right-small:1.92%;--awb-spacing-left-small:1.92%;\"><div class=\"fusion-column-wrapper fusion-column-has-shadow fusion-flex-justify-content-flex-start fusion-content-layout-column\"><div class=\"fusion-widget-area awb-widget-area-element fusion-widget-area-1 fusion-content-widget-area\" style=\"--awb-title-color:var(--awb-color8);--awb-padding:0px 0px 0px 0px;\"><style type=\"text\/css\" data-id=\"nav_menu-2\">#nav_menu-2 li { border-color:var(--awb-color4);}<\/style><div id=\"nav_menu-2\" class=\"widget widget_nav_menu\" style=\"padding: 10px;background-color: var(--awb-color2);border-style: solid;border-color: var(--awb-color4);border-color:transparent;border-width:0px;\"><div class=\"heading\"><h4 class=\"widget-title\">Documentaci\u00f3n Legal<\/h4><\/div><div class=\"menu-documentacion-legal-ca-container\"><ul id=\"menu-documentacion-legal-ca\" class=\"menu\"><li id=\"menu-item-5686\" class=\"menu-item menu-item-type-post_type menu-item-object-page menu-item-5686\"><a href=\"https:\/\/glofera.com\/ca\/avis-legal\/\">Av\u00eds Legal<\/a><\/li>\n<li id=\"menu-item-5687\" class=\"menu-item menu-item-type-post_type menu-item-object-page menu-item-5687\"><a href=\"https:\/\/glofera.com\/ca\/condicions-dus\/\">Condicions d&#8217;\u00fas<\/a><\/li>\n<li id=\"menu-item-5688\" class=\"menu-item menu-item-type-post_type menu-item-object-page menu-item-5688\"><a href=\"https:\/\/glofera.com\/ca\/politica-de-cookies\/\">Pol\u00edtica de les cookies<\/a><\/li>\n<li id=\"menu-item-5689\" class=\"menu-item menu-item-type-post_type menu-item-object-page menu-item-5689\"><a href=\"https:\/\/glofera.com\/ca\/politica-de-privadesa\/\">Pol\u00edtica de privadesa<\/a><\/li>\n<\/ul><\/div><\/div><div class=\"fusion-additional-widget-content\"><\/div><\/div><\/div><\/div><\/div><\/div>\n","protected":false},"excerpt":{"rendered":"","protected":false},"author":1,"featured_media":0,"parent":0,"menu_order":0,"comment_status":"closed","ping_status":"closed","template":"100-width.php","meta":{"_joinchat":[],"footnotes":""},"class_list":["post-4417","page","type-page","status-publish","hentry"],"yoast_head":"<!-- This site is optimized with the Yoast SEO plugin v27.5 - https:\/\/yoast.com\/product\/yoast-seo-wordpress\/ -->\n<title>Pol\u00edtica de privadesa | Glofera<\/title>\n<meta name=\"description\" content=\"Consulta la pol\u00edtica de privadesa de Glofera i com gestionem i protegim les teves dades personals.\" \/>\n<meta name=\"robots\" content=\"index, follow, max-snippet:-1, max-image-preview:large, max-video-preview:-1\" \/>\n<link rel=\"canonical\" href=\"https:\/\/glofera.com\/ca\/politica-de-privadesa\/\" \/>\n<meta property=\"og:locale\" content=\"ca_ES\" \/>\n<meta property=\"og:type\" content=\"article\" \/>\n<meta property=\"og:title\" content=\"Pol\u00edtica de privadesa | Glofera\" \/>\n<meta property=\"og:description\" content=\"Consulta la pol\u00edtica de privadesa de Glofera i com gestionem i protegim les teves dades personals.\" \/>\n<meta property=\"og:url\" content=\"https:\/\/glofera.com\/ca\/politica-de-privadesa\/\" \/>\n<meta property=\"og:site_name\" content=\"Glofera\" \/>\n<meta property=\"article:publisher\" content=\"https:\/\/www.facebook.com\/glofera.telecom\" \/>\n<meta property=\"article:modified_time\" content=\"2026-04-09T08:48:17+00:00\" \/>\n<meta property=\"og:image\" content=\"https:\/\/glofera.com\/wp-content\/uploads\/2024\/11\/glofera-telecom-especialistas-en-telecomunicaciones-y-ciberseguridad-para-empresas.jpg\" \/>\n\t<meta property=\"og:image:width\" content=\"1062\" \/>\n\t<meta property=\"og:image:height\" content=\"665\" \/>\n\t<meta property=\"og:image:type\" content=\"image\/jpeg\" \/>\n<meta name=\"twitter:card\" content=\"summary_large_image\" \/>\n<script type=\"application\/ld+json\" class=\"yoast-schema-graph\">{\"@context\":\"https:\\\/\\\/schema.org\",\"@graph\":[{\"@type\":\"WebPage\",\"@id\":\"https:\\\/\\\/glofera.com\\\/ca\\\/politica-de-privadesa\\\/\",\"url\":\"https:\\\/\\\/glofera.com\\\/ca\\\/politica-de-privadesa\\\/\",\"name\":\"Pol\u00edtica de privadesa | Glofera\",\"isPartOf\":{\"@id\":\"https:\\\/\\\/glofera.com\\\/ca\\\/#website\"},\"datePublished\":\"2024-01-11T12:21:48+00:00\",\"dateModified\":\"2026-04-09T08:48:17+00:00\",\"description\":\"Consulta la pol\u00edtica de privadesa de Glofera i com gestionem i protegim les teves dades personals.\",\"breadcrumb\":{\"@id\":\"https:\\\/\\\/glofera.com\\\/ca\\\/politica-de-privadesa\\\/#breadcrumb\"},\"inLanguage\":\"ca\",\"potentialAction\":[{\"@type\":\"ReadAction\",\"target\":[\"https:\\\/\\\/glofera.com\\\/ca\\\/politica-de-privadesa\\\/\"]}]},{\"@type\":\"BreadcrumbList\",\"@id\":\"https:\\\/\\\/glofera.com\\\/ca\\\/politica-de-privadesa\\\/#breadcrumb\",\"itemListElement\":[{\"@type\":\"ListItem\",\"position\":1,\"name\":\"Portada\",\"item\":\"https:\\\/\\\/glofera.com\\\/ca\\\/\"},{\"@type\":\"ListItem\",\"position\":2,\"name\":\"Pol\u00edtica de privadesa\"}]},{\"@type\":\"WebSite\",\"@id\":\"https:\\\/\\\/glofera.com\\\/ca\\\/#website\",\"url\":\"https:\\\/\\\/glofera.com\\\/ca\\\/\",\"name\":\"Glofera\",\"description\":\"Ciberseguretat i Telecomunicacions\",\"publisher\":{\"@id\":\"https:\\\/\\\/glofera.com\\\/ca\\\/#organization\"},\"alternateName\":\"Telecomunicaciones y Ciberseguridad\",\"potentialAction\":[{\"@type\":\"SearchAction\",\"target\":{\"@type\":\"EntryPoint\",\"urlTemplate\":\"https:\\\/\\\/glofera.com\\\/ca\\\/?s={search_term_string}\"},\"query-input\":{\"@type\":\"PropertyValueSpecification\",\"valueRequired\":true,\"valueName\":\"search_term_string\"}}],\"inLanguage\":\"ca\"},{\"@type\":\"Organization\",\"@id\":\"https:\\\/\\\/glofera.com\\\/ca\\\/#organization\",\"name\":\"Glofera\",\"alternateName\":\"Telecomunicaciones y Ciberseguridad\",\"url\":\"https:\\\/\\\/glofera.com\\\/ca\\\/\",\"logo\":{\"@type\":\"ImageObject\",\"inLanguage\":\"ca\",\"@id\":\"https:\\\/\\\/glofera.com\\\/ca\\\/#\\\/schema\\\/logo\\\/image\\\/\",\"url\":\"https:\\\/\\\/glofera.com\\\/wp-content\\\/uploads\\\/2024\\\/04\\\/firma_logo_glofera_2.png\",\"contentUrl\":\"https:\\\/\\\/glofera.com\\\/wp-content\\\/uploads\\\/2024\\\/04\\\/firma_logo_glofera_2.png\",\"width\":501,\"height\":501,\"caption\":\"Glofera\"},\"image\":{\"@id\":\"https:\\\/\\\/glofera.com\\\/ca\\\/#\\\/schema\\\/logo\\\/image\\\/\"},\"sameAs\":[\"https:\\\/\\\/www.facebook.com\\\/glofera.telecom\",\"https:\\\/\\\/www.linkedin.com\\\/company\\\/76501365\\\/admin\\\/notifications\\\/all\\\/\",\"https:\\\/\\\/www.instagram.com\\\/glofera.telecom\\\/\"]}]}<\/script>\n<!-- \/ Yoast SEO plugin. -->","yoast_head_json":{"title":"Pol\u00edtica de privadesa | Glofera","description":"Consulta la pol\u00edtica de privadesa de Glofera i com gestionem i protegim les teves dades personals.","robots":{"index":"index","follow":"follow","max-snippet":"max-snippet:-1","max-image-preview":"max-image-preview:large","max-video-preview":"max-video-preview:-1"},"canonical":"https:\/\/glofera.com\/ca\/politica-de-privadesa\/","og_locale":"ca_ES","og_type":"article","og_title":"Pol\u00edtica de privadesa | Glofera","og_description":"Consulta la pol\u00edtica de privadesa de Glofera i com gestionem i protegim les teves dades personals.","og_url":"https:\/\/glofera.com\/ca\/politica-de-privadesa\/","og_site_name":"Glofera","article_publisher":"https:\/\/www.facebook.com\/glofera.telecom","article_modified_time":"2026-04-09T08:48:17+00:00","og_image":[{"width":1062,"height":665,"url":"https:\/\/glofera.com\/wp-content\/uploads\/2024\/11\/glofera-telecom-especialistas-en-telecomunicaciones-y-ciberseguridad-para-empresas.jpg","type":"image\/jpeg"}],"twitter_card":"summary_large_image","schema":{"@context":"https:\/\/schema.org","@graph":[{"@type":"WebPage","@id":"https:\/\/glofera.com\/ca\/politica-de-privadesa\/","url":"https:\/\/glofera.com\/ca\/politica-de-privadesa\/","name":"Pol\u00edtica de privadesa | Glofera","isPartOf":{"@id":"https:\/\/glofera.com\/ca\/#website"},"datePublished":"2024-01-11T12:21:48+00:00","dateModified":"2026-04-09T08:48:17+00:00","description":"Consulta la pol\u00edtica de privadesa de Glofera i com gestionem i protegim les teves dades personals.","breadcrumb":{"@id":"https:\/\/glofera.com\/ca\/politica-de-privadesa\/#breadcrumb"},"inLanguage":"ca","potentialAction":[{"@type":"ReadAction","target":["https:\/\/glofera.com\/ca\/politica-de-privadesa\/"]}]},{"@type":"BreadcrumbList","@id":"https:\/\/glofera.com\/ca\/politica-de-privadesa\/#breadcrumb","itemListElement":[{"@type":"ListItem","position":1,"name":"Portada","item":"https:\/\/glofera.com\/ca\/"},{"@type":"ListItem","position":2,"name":"Pol\u00edtica de privadesa"}]},{"@type":"WebSite","@id":"https:\/\/glofera.com\/ca\/#website","url":"https:\/\/glofera.com\/ca\/","name":"Glofera","description":"Ciberseguretat i Telecomunicacions","publisher":{"@id":"https:\/\/glofera.com\/ca\/#organization"},"alternateName":"Telecomunicaciones y Ciberseguridad","potentialAction":[{"@type":"SearchAction","target":{"@type":"EntryPoint","urlTemplate":"https:\/\/glofera.com\/ca\/?s={search_term_string}"},"query-input":{"@type":"PropertyValueSpecification","valueRequired":true,"valueName":"search_term_string"}}],"inLanguage":"ca"},{"@type":"Organization","@id":"https:\/\/glofera.com\/ca\/#organization","name":"Glofera","alternateName":"Telecomunicaciones y Ciberseguridad","url":"https:\/\/glofera.com\/ca\/","logo":{"@type":"ImageObject","inLanguage":"ca","@id":"https:\/\/glofera.com\/ca\/#\/schema\/logo\/image\/","url":"https:\/\/glofera.com\/wp-content\/uploads\/2024\/04\/firma_logo_glofera_2.png","contentUrl":"https:\/\/glofera.com\/wp-content\/uploads\/2024\/04\/firma_logo_glofera_2.png","width":501,"height":501,"caption":"Glofera"},"image":{"@id":"https:\/\/glofera.com\/ca\/#\/schema\/logo\/image\/"},"sameAs":["https:\/\/www.facebook.com\/glofera.telecom","https:\/\/www.linkedin.com\/company\/76501365\/admin\/notifications\/all\/","https:\/\/www.instagram.com\/glofera.telecom\/"]}]}},"_links":{"self":[{"href":"https:\/\/glofera.com\/ca\/wp-json\/wp\/v2\/pages\/4417","targetHints":{"allow":["GET"]}}],"collection":[{"href":"https:\/\/glofera.com\/ca\/wp-json\/wp\/v2\/pages"}],"about":[{"href":"https:\/\/glofera.com\/ca\/wp-json\/wp\/v2\/types\/page"}],"author":[{"embeddable":true,"href":"https:\/\/glofera.com\/ca\/wp-json\/wp\/v2\/users\/1"}],"replies":[{"embeddable":true,"href":"https:\/\/glofera.com\/ca\/wp-json\/wp\/v2\/comments?post=4417"}],"version-history":[{"count":5,"href":"https:\/\/glofera.com\/ca\/wp-json\/wp\/v2\/pages\/4417\/revisions"}],"predecessor-version":[{"id":15677,"href":"https:\/\/glofera.com\/ca\/wp-json\/wp\/v2\/pages\/4417\/revisions\/15677"}],"wp:attachment":[{"href":"https:\/\/glofera.com\/ca\/wp-json\/wp\/v2\/media?parent=4417"}],"curies":[{"name":"wp","href":"https:\/\/api.w.org\/{rel}","templated":true}]}}