{"id":4391,"date":"2024-01-11T13:12:41","date_gmt":"2024-01-11T12:12:41","guid":{"rendered":"https:\/\/glofera.com\/legal-notice\/"},"modified":"2026-04-27T12:44:21","modified_gmt":"2026-04-27T10:44:21","slug":"legal-notice","status":"publish","type":"page","link":"https:\/\/glofera.com\/en\/legal-notice\/","title":{"rendered":"Legal Notice"},"content":{"rendered":"<div class=\"fusion-fullwidth fullwidth-box fusion-builder-row-1 fusion-flex-container has-pattern-background has-mask-background nonhundred-percent-fullwidth non-hundred-percent-height-scrolling\" style=\"--awb-border-radius-top-left:0px;--awb-border-radius-top-right:0px;--awb-border-radius-bottom-right:0px;--awb-border-radius-bottom-left:0px;--awb-margin-top:100px;--awb-flex-wrap:wrap;\" ><div class=\"fusion-builder-row fusion-row fusion-flex-align-items-flex-start fusion-flex-content-wrap\" style=\"max-width:1248px;margin-left: calc(-4% \/ 2 );margin-right: calc(-4% \/ 2 );\"><div class=\"fusion-layout-column fusion_builder_column fusion-builder-column-0 fusion_builder_column_3_4 3_4 fusion-flex-column\" style=\"--awb-bg-size:cover;--awb-width-large:75%;--awb-margin-top-large:0px;--awb-spacing-right-large:2.56%;--awb-margin-bottom-large:20px;--awb-spacing-left-large:2.56%;--awb-width-medium:75%;--awb-order-medium:0;--awb-spacing-right-medium:2.56%;--awb-spacing-left-medium:2.56%;--awb-width-small:100%;--awb-order-small:0;--awb-spacing-right-small:1.92%;--awb-spacing-left-small:1.92%;\"><div class=\"fusion-column-wrapper fusion-column-has-shadow fusion-flex-justify-content-flex-start fusion-content-layout-column\"><div class=\"fusion-text fusion-text-1\"><h1>Legal Notice<\/h1>\n<p>GLOFERA TELECOM S.L. unipersonal, sociedad de nacionalidad espa\u00f1ola, inscrita en el Registro Mercantil de Barcelona, al Tomo 47.681, Folio 221, Hoja B-559.218, titular del NIF B-42924795, con domicilio social en Barcelona (08028), Avenida Diagonal, n\u00famero 601, piso 8, es la titular del sitio web www.glofera.com (el \u201cSitio Web\u201d), cuya utilizaci\u00f3n est\u00e1 sujeta a los t\u00e9rminos del presente Aviso Legal, sus <span style=\"color: #339966;\"><a style=\"color: #339966;\" href=\"https:\/\/glofera.com\/en\/conditions-of-use\/\">Condiciones de Uso<\/a><\/span> y dem\u00e1s textos legales accesibles a trav\u00e9s del Sitio Web.<\/p>\n<p>The Website includes &#8220;glofera.com&#8221; and all GLOFERA online sites, such as, as the case may be, blog, web, support materials, control panels, product pages, online store, manuals, microsites, etc., both under www.glofera.com and under other domains operated and\/or controlled by GLOFERA (collectively, &#8220;Our Website&#8221;). La visita y navegaci\u00f3n por Nuestra Web le atribuye la condici\u00f3n de usuario (\u201cUsuario\u201d), e implica la aceptaci\u00f3n de los t\u00e9rminos de este Aviso Legal, de las Condiciones de Uso y de nuestra <span style=\"color: #339966;\"><a style=\"color: #339966;\" href=\"https:\/\/glofera.com\/en\/privacy-policy\/\">Pol\u00edtica de Privacidad<\/a>.<\/span> Si no estuviera de acuerdo con alguna de estas condiciones le rogamos que por favor no siga utilizando Nuestra Web.<\/p>\n<p>The User is aware that the access and use of the services and contents of the Website is done under his sole and exclusive responsibility. GLOFERA recommends the User to read the Legal Notice and Conditions of Use each time he\/she wishes to access the Website, since it may undergo modifications, the current version being the one published at any given time. GLOFERA may unilaterally and without prior notice modify the configuration, content and services of the Website, as well as this Legal Notice and the Conditions of Use, without any rights deriving therefrom for the User beyond those expressly recognized in the legal texts of the Website.<\/p>\n<p>Notwithstanding the costs of access and Internet connection, which in any case are beyond GLOFERA&#8217;s control and responsibility, access and use of Our Website is free of charge. However, the contracting of products or services from GLOFERA or third parties through the Website may be subject to certain costs to be assumed by the User, of which the User will be clearly informed and for whose application express acceptance will be required in relation to the corresponding General Contracting Conditions, Particular Conditions and, if applicable, other contractual terms.<\/p>\n<p>The main purpose of the Website is to inform the User of the catalog of products and services offered by GLOFERA.<\/p>\n<\/div><\/div><\/div><div class=\"fusion-layout-column fusion_builder_column fusion-builder-column-1 fusion_builder_column_1_4 1_4 fusion-flex-column\" style=\"--awb-bg-size:cover;--awb-width-large:25%;--awb-margin-top-large:0px;--awb-spacing-right-large:7.68%;--awb-margin-bottom-large:20px;--awb-spacing-left-large:7.68%;--awb-width-medium:25%;--awb-order-medium:0;--awb-spacing-right-medium:7.68%;--awb-spacing-left-medium:7.68%;--awb-width-small:100%;--awb-order-small:0;--awb-spacing-right-small:1.92%;--awb-spacing-left-small:1.92%;\"><div class=\"fusion-column-wrapper fusion-column-has-shadow fusion-flex-justify-content-flex-start fusion-content-layout-column\"><div class=\"fusion-widget-area awb-widget-area-element fusion-widget-area-1 fusion-content-widget-area\" style=\"--awb-title-color:var(--awb-color8);--awb-padding:0px 0px 0px 0px;\"><style type=\"text\/css\" data-id=\"nav_menu-2\">#nav_menu-2 li { border-color:var(--awb-color4);}<\/style><div id=\"nav_menu-2\" class=\"widget widget_nav_menu\" style=\"padding: 10px;background-color: var(--awb-color2);border-style: solid;border-color: var(--awb-color4);border-color:transparent;border-width:0px;\"><div class=\"heading\"><h4 class=\"widget-title\">Documentaci\u00f3n Legal<\/h4><\/div><div class=\"menu-documentacion-legal-en-container\"><ul id=\"menu-documentacion-legal-en\" class=\"menu\"><li id=\"menu-item-5690\" class=\"menu-item menu-item-type-post_type menu-item-object-page menu-item-5690\"><a href=\"https:\/\/glofera.com\/en\/legal-notice\/\">Legal Notice<\/a><\/li>\n<li id=\"menu-item-5691\" class=\"menu-item menu-item-type-post_type menu-item-object-page menu-item-5691\"><a href=\"https:\/\/glofera.com\/en\/conditions-of-use\/\">Conditions of Use<\/a><\/li>\n<li id=\"menu-item-5692\" class=\"menu-item menu-item-type-post_type menu-item-object-page menu-item-5692\"><a href=\"https:\/\/glofera.com\/en\/cookie-policy\/\">Cookie Policy<\/a><\/li>\n<li id=\"menu-item-5693\" class=\"menu-item menu-item-type-post_type menu-item-object-page menu-item-5693\"><a href=\"https:\/\/glofera.com\/en\/privacy-policy\/\">Privacy Policy<\/a><\/li>\n<\/ul><\/div><\/div><div class=\"fusion-additional-widget-content\"><\/div><\/div><\/div><\/div><\/div><\/div>\n","protected":false},"excerpt":{"rendered":"","protected":false},"author":1,"featured_media":0,"parent":0,"menu_order":0,"comment_status":"closed","ping_status":"closed","template":"100-width.php","meta":{"_joinchat":[],"footnotes":""},"class_list":["post-4391","page","type-page","status-publish","hentry"],"yoast_head":"<!-- This site is optimized with the Yoast SEO plugin v27.5 - https:\/\/yoast.com\/product\/yoast-seo-wordpress\/ -->\n<title>Legal notice and website terms of use | Glofera<\/title>\n<meta name=\"description\" content=\"Read the Legal Notice of Glofera to understand terms of use, liability, intellectual property and website conditions.\" \/>\n<meta name=\"robots\" content=\"index, follow, max-snippet:-1, max-image-preview:large, max-video-preview:-1\" \/>\n<link rel=\"canonical\" href=\"https:\/\/glofera.com\/en\/legal-notice\/\" \/>\n<meta property=\"og:locale\" content=\"en_US\" \/>\n<meta property=\"og:type\" content=\"article\" \/>\n<meta property=\"og:title\" content=\"Legal notice and website terms of use | Glofera\" \/>\n<meta property=\"og:description\" content=\"Read the Legal Notice of Glofera to understand terms of use, liability, intellectual property and website conditions.\" \/>\n<meta property=\"og:url\" content=\"https:\/\/glofera.com\/en\/legal-notice\/\" \/>\n<meta property=\"og:site_name\" content=\"Glofera\" \/>\n<meta property=\"article:publisher\" content=\"https:\/\/www.facebook.com\/glofera.telecom\" \/>\n<meta property=\"article:modified_time\" content=\"2026-04-27T10:44:21+00:00\" \/>\n<meta property=\"og:image\" content=\"https:\/\/glofera.com\/wp-content\/uploads\/2024\/11\/glofera-telecom-especialistas-en-telecomunicaciones-y-ciberseguridad-para-empresas.jpg\" \/>\n\t<meta property=\"og:image:width\" content=\"1062\" \/>\n\t<meta property=\"og:image:height\" content=\"665\" \/>\n\t<meta property=\"og:image:type\" content=\"image\/jpeg\" \/>\n<meta name=\"twitter:card\" content=\"summary_large_image\" \/>\n<script type=\"application\/ld+json\" class=\"yoast-schema-graph\">{\"@context\":\"https:\\\/\\\/schema.org\",\"@graph\":[{\"@type\":\"WebPage\",\"@id\":\"https:\\\/\\\/glofera.com\\\/en\\\/legal-notice\\\/\",\"url\":\"https:\\\/\\\/glofera.com\\\/en\\\/legal-notice\\\/\",\"name\":\"Legal notice and website terms of use | Glofera\",\"isPartOf\":{\"@id\":\"https:\\\/\\\/glofera.com\\\/en\\\/#website\"},\"datePublished\":\"2024-01-11T12:12:41+00:00\",\"dateModified\":\"2026-04-27T10:44:21+00:00\",\"description\":\"Read the Legal Notice of Glofera to understand terms of use, liability, intellectual property and website conditions.\",\"breadcrumb\":{\"@id\":\"https:\\\/\\\/glofera.com\\\/en\\\/legal-notice\\\/#breadcrumb\"},\"inLanguage\":\"en-US\",\"potentialAction\":[{\"@type\":\"ReadAction\",\"target\":[\"https:\\\/\\\/glofera.com\\\/en\\\/legal-notice\\\/\"]}]},{\"@type\":\"BreadcrumbList\",\"@id\":\"https:\\\/\\\/glofera.com\\\/en\\\/legal-notice\\\/#breadcrumb\",\"itemListElement\":[{\"@type\":\"ListItem\",\"position\":1,\"name\":\"Portada\",\"item\":\"https:\\\/\\\/glofera.com\\\/en\\\/\"},{\"@type\":\"ListItem\",\"position\":2,\"name\":\"Legal Notice\"}]},{\"@type\":\"WebSite\",\"@id\":\"https:\\\/\\\/glofera.com\\\/en\\\/#website\",\"url\":\"https:\\\/\\\/glofera.com\\\/en\\\/\",\"name\":\"Glofera\",\"description\":\"Telecomunicaciones para empresas impulsadas por IA\",\"publisher\":{\"@id\":\"https:\\\/\\\/glofera.com\\\/en\\\/#organization\"},\"alternateName\":\"Telecomunicaciones y Ciberseguridad\",\"potentialAction\":[{\"@type\":\"SearchAction\",\"target\":{\"@type\":\"EntryPoint\",\"urlTemplate\":\"https:\\\/\\\/glofera.com\\\/en\\\/?s={search_term_string}\"},\"query-input\":{\"@type\":\"PropertyValueSpecification\",\"valueRequired\":true,\"valueName\":\"search_term_string\"}}],\"inLanguage\":\"en-US\"},{\"@type\":\"Organization\",\"@id\":\"https:\\\/\\\/glofera.com\\\/en\\\/#organization\",\"name\":\"Glofera\",\"alternateName\":\"Telecomunicaciones y Ciberseguridad\",\"url\":\"https:\\\/\\\/glofera.com\\\/en\\\/\",\"logo\":{\"@type\":\"ImageObject\",\"inLanguage\":\"en-US\",\"@id\":\"https:\\\/\\\/glofera.com\\\/en\\\/#\\\/schema\\\/logo\\\/image\\\/\",\"url\":\"https:\\\/\\\/glofera.com\\\/wp-content\\\/uploads\\\/2024\\\/04\\\/firma_logo_glofera_2.png\",\"contentUrl\":\"https:\\\/\\\/glofera.com\\\/wp-content\\\/uploads\\\/2024\\\/04\\\/firma_logo_glofera_2.png\",\"width\":501,\"height\":501,\"caption\":\"Glofera\"},\"image\":{\"@id\":\"https:\\\/\\\/glofera.com\\\/en\\\/#\\\/schema\\\/logo\\\/image\\\/\"},\"sameAs\":[\"https:\\\/\\\/www.facebook.com\\\/glofera.telecom\",\"https:\\\/\\\/www.linkedin.com\\\/company\\\/76501365\\\/admin\\\/notifications\\\/all\\\/\",\"https:\\\/\\\/www.instagram.com\\\/glofera.telecom\\\/\"]}]}<\/script>\n<!-- \/ Yoast SEO plugin. -->","yoast_head_json":{"title":"Legal notice and website terms of use | Glofera","description":"Read the Legal Notice of Glofera to understand terms of use, liability, intellectual property and website conditions.","robots":{"index":"index","follow":"follow","max-snippet":"max-snippet:-1","max-image-preview":"max-image-preview:large","max-video-preview":"max-video-preview:-1"},"canonical":"https:\/\/glofera.com\/en\/legal-notice\/","og_locale":"en_US","og_type":"article","og_title":"Legal notice and website terms of use | Glofera","og_description":"Read the Legal Notice of Glofera to understand terms of use, liability, intellectual property and website conditions.","og_url":"https:\/\/glofera.com\/en\/legal-notice\/","og_site_name":"Glofera","article_publisher":"https:\/\/www.facebook.com\/glofera.telecom","article_modified_time":"2026-04-27T10:44:21+00:00","og_image":[{"width":1062,"height":665,"url":"https:\/\/glofera.com\/wp-content\/uploads\/2024\/11\/glofera-telecom-especialistas-en-telecomunicaciones-y-ciberseguridad-para-empresas.jpg","type":"image\/jpeg"}],"twitter_card":"summary_large_image","schema":{"@context":"https:\/\/schema.org","@graph":[{"@type":"WebPage","@id":"https:\/\/glofera.com\/en\/legal-notice\/","url":"https:\/\/glofera.com\/en\/legal-notice\/","name":"Legal notice and website terms of use | Glofera","isPartOf":{"@id":"https:\/\/glofera.com\/en\/#website"},"datePublished":"2024-01-11T12:12:41+00:00","dateModified":"2026-04-27T10:44:21+00:00","description":"Read the Legal Notice of Glofera to understand terms of use, liability, intellectual property and website conditions.","breadcrumb":{"@id":"https:\/\/glofera.com\/en\/legal-notice\/#breadcrumb"},"inLanguage":"en-US","potentialAction":[{"@type":"ReadAction","target":["https:\/\/glofera.com\/en\/legal-notice\/"]}]},{"@type":"BreadcrumbList","@id":"https:\/\/glofera.com\/en\/legal-notice\/#breadcrumb","itemListElement":[{"@type":"ListItem","position":1,"name":"Portada","item":"https:\/\/glofera.com\/en\/"},{"@type":"ListItem","position":2,"name":"Legal Notice"}]},{"@type":"WebSite","@id":"https:\/\/glofera.com\/en\/#website","url":"https:\/\/glofera.com\/en\/","name":"Glofera","description":"Telecomunicaciones para empresas impulsadas por IA","publisher":{"@id":"https:\/\/glofera.com\/en\/#organization"},"alternateName":"Telecomunicaciones y Ciberseguridad","potentialAction":[{"@type":"SearchAction","target":{"@type":"EntryPoint","urlTemplate":"https:\/\/glofera.com\/en\/?s={search_term_string}"},"query-input":{"@type":"PropertyValueSpecification","valueRequired":true,"valueName":"search_term_string"}}],"inLanguage":"en-US"},{"@type":"Organization","@id":"https:\/\/glofera.com\/en\/#organization","name":"Glofera","alternateName":"Telecomunicaciones y Ciberseguridad","url":"https:\/\/glofera.com\/en\/","logo":{"@type":"ImageObject","inLanguage":"en-US","@id":"https:\/\/glofera.com\/en\/#\/schema\/logo\/image\/","url":"https:\/\/glofera.com\/wp-content\/uploads\/2024\/04\/firma_logo_glofera_2.png","contentUrl":"https:\/\/glofera.com\/wp-content\/uploads\/2024\/04\/firma_logo_glofera_2.png","width":501,"height":501,"caption":"Glofera"},"image":{"@id":"https:\/\/glofera.com\/en\/#\/schema\/logo\/image\/"},"sameAs":["https:\/\/www.facebook.com\/glofera.telecom","https:\/\/www.linkedin.com\/company\/76501365\/admin\/notifications\/all\/","https:\/\/www.instagram.com\/glofera.telecom\/"]}]}},"_links":{"self":[{"href":"https:\/\/glofera.com\/en\/wp-json\/wp\/v2\/pages\/4391","targetHints":{"allow":["GET"]}}],"collection":[{"href":"https:\/\/glofera.com\/en\/wp-json\/wp\/v2\/pages"}],"about":[{"href":"https:\/\/glofera.com\/en\/wp-json\/wp\/v2\/types\/page"}],"author":[{"embeddable":true,"href":"https:\/\/glofera.com\/en\/wp-json\/wp\/v2\/users\/1"}],"replies":[{"embeddable":true,"href":"https:\/\/glofera.com\/en\/wp-json\/wp\/v2\/comments?post=4391"}],"version-history":[{"count":9,"href":"https:\/\/glofera.com\/en\/wp-json\/wp\/v2\/pages\/4391\/revisions"}],"predecessor-version":[{"id":15975,"href":"https:\/\/glofera.com\/en\/wp-json\/wp\/v2\/pages\/4391\/revisions\/15975"}],"wp:attachment":[{"href":"https:\/\/glofera.com\/en\/wp-json\/wp\/v2\/media?parent=4391"}],"curies":[{"name":"wp","href":"https:\/\/api.w.org\/{rel}","templated":true}]}}